{"id":271,"date":"2022-10-19T13:52:09","date_gmt":"2022-10-19T13:52:09","guid":{"rendered":"https:\/\/www.domspro.eu\/?page_id=271"},"modified":"2024-02-20T16:04:43","modified_gmt":"2024-02-20T16:04:43","slug":"autres","status":"publish","type":"page","link":"https:\/\/www.domspro.eu\/fr\/produits\/clotures\/autres\/","title":{"rendered":"Autres"},"content":{"rendered":"\n<div class=\"block block-hero text-left  block-hero--onlyTitle  \">\n    <div class=\"block-hero__img overlay\" style=\"background-image: url(https:\/\/www.domspro.eu\/wp-content\/uploads\/2022\/10\/image-5.png)\"><\/div>\n    <div class=\"block-hero__content pt-30 pt-md-40 pt-lg-50 pb-0\">\n        <div class=\"container position-relative mt-30 mt-md-0\">\n            <div class=\"block-hero__mascot\" data-aos=\"fade-left\">\n                <img decoding=\"async\" src=\"https:\/\/www.domspro.eu\/wp-content\/themes\/ics\/build\/img\/doms-mascot.svg\">\n            <\/div>\n            <div class=\"row\">\n                <div class=\"col-10 mb-30\">\n                    \n                                    <\/div>\n            <\/div>\n            <div class=\"row\">\n                <div class=\"col-10\">\n                    <h1 class=\"block-hero__title text-white pb-0\" data-aos=\"fade-right\">Autres<\/h1>\n                <\/div>\n            <\/div>\n\n                    <\/div>\n    <\/div>\n<\/div>\n\n<div class=\"block block-spacer\" style=\"padding: 25px 0;\">\n    <\/div>\n\n    <div class=\"pt-10 pb-10\">\n        <div class=\"container\">            <div class=\"block block-heading text-left\" data-aos=\"fade-up\">\n                <h2  class=\"h2 text-dark\">Cl\u00f4tures temporaires<\/h2 >\n            <\/div>\n        <\/div>\n    <\/div>\n\n\n<div class=\"block block-editor pt-10 pb-10\">\n    <div class=\"container\">        <div class=\"row\">\n            <div class=\"col-12\" data-aos=\"fade-up\">\n                <p>Simple panneau de contr\u00f4le de foules, <strong><a href=\"https:\/\/shop.domspro.eu\/fr-fr\/produits\/27786\/clotures-de-chantier\" target=\"_blank\" rel=\"noopener\">barri\u00e8re de chantier<\/a> <\/strong>ou portail coulissant temporaire, nous couvrons une large gamme de cl\u00f4tures mobiles pour la s\u00e9curisation de vos chantiers et le balisage de vos \u00e9v\u00e8nements.<\/p>\n            <\/div>\n        <\/div>\n    <\/div><\/div>\n\n<div class=\"block block-spacer\" style=\"padding: 25px 0;\">\n    <\/div>\n\n\n<div class=\"wp-block-jetpack-layout-grid bg-primary-faded pt-40 pb-30 column1-desktop-grid__span-6 column1-desktop-grid__row-1 column2-desktop-grid__span-6 column2-desktop-grid__start-7 column2-desktop-grid__row-1 column1-tablet-grid__span-4 column1-tablet-grid__row-1 column2-tablet-grid__span-4 column2-tablet-grid__start-5 column2-tablet-grid__row-1 column1-mobile-grid__span-4 column1-mobile-grid__row-1 column2-mobile-grid__span-4 column2-mobile-grid__row-2 wp-block-jetpack-layout-gutter__nowrap are-vertically-aligned-center\">\n<div class=\"wp-block-jetpack-layout-grid-column wp-block-jetpack-layout-grid__padding-none is-vertically-aligned-center\"><div class=\"block block-image pt-15 pt-md-20 pt-lg-30 pb-15 pb-md-20 pb-lg-30\">\n    <div class=\"container\">                <figure class=\"mx-auto\" style=\"max-width: px\" data-aos=\"fade-up\">\n            <img loading=\"lazy\" decoding=\"async\" width=\"640\" height=\"480\" src=\"https:\/\/www.domspro.eu\/wp-content\/uploads\/2022\/10\/doms-cloture-electrique-1600x1200.jpeg\" class=\"img-fluid\" alt=\"Cl\u00f4ture \u00e9lectrifi\u00e9e\" title=\"doms-cloture-electrique\" srcset=\"https:\/\/www.domspro.eu\/wp-content\/uploads\/2022\/10\/doms-cloture-electrique-1600x1200.jpeg 1600w, https:\/\/www.domspro.eu\/wp-content\/uploads\/2022\/10\/doms-cloture-electrique-800x600.jpeg 800w, https:\/\/www.domspro.eu\/wp-content\/uploads\/2022\/10\/doms-cloture-electrique-400x300.jpeg 400w\" sizes=\"auto, (max-width: 640px) 100vw, 640px\" \/>        <\/figure>\n                    <\/div><\/div><\/div>\n\n\n\n<div class=\"wp-block-jetpack-layout-grid-column wp-block-jetpack-layout-grid__padding-none is-vertically-aligned-center\">    <div class=\"pt-10 pb-10\">\n        <div class=\"container\">            <div class=\"block block-heading text-left\" data-aos=\"fade-up\">\n                <h2  class=\"h2 text-dark\">Cl\u00f4ture \u00e9lectrique<\/h2 >\n            <\/div>\n        <\/div>\n    <\/div>\n\n\n<div class=\"block block-editor pt-10 pb-10\">\n    <div class=\"container\">        <div class=\"row\">\n            <div class=\"col-12\" data-aos=\"fade-up\">\n                <p>Barri\u00e8re \u00e0 la fois physique et psychologique, les cl\u00f4tures \u00e9lectriques sont id\u00e9ales pour la protection des animaux ou pour emp\u00eacher les animaux ind\u00e9sirables d\u2019entrer dans la zone prot\u00e9g\u00e9e. D\u2019une s\u00e9curit\u00e9 maximale et une qualit\u00e9 sup\u00e9rieure, ses cl\u00f4tures agricoles ont une longue dur\u00e9e de vie.<\/p>\n<p><a class=\"button-shop\" href=\"https:\/\/shop.domspro.eu\/fr-fr\/produits\/27790\/clotures-electrique\" target=\"_blank\">Ach\u00e8te ces cl\u00f4tures en ligne<i class=\"fa fa-shopping-cart\"><\/i><\/a><\/p>\n            <\/div>\n        <\/div>\n    <\/div><\/div><\/div>\n<\/div>\n\n\n\n<section class=\"block block-text-image-slider py-30 pt-lg-50 pt-xl-70\">\n    <div class=\"container\">\n        <div class=\"row\">\n            <div class=\"col-12 col-md-6 col-lg-6 pr-md-50 pr-xl-70 mb-20 mb-md-0 d-md-flex flex-wrap align-items-center\">\n                <div class=\"mb-md-20\">\n                                            <h2 class=\"mb-10 mb-lg-20\" data-aos=\"fade-up\">Gabions<\/h2>\n                                                                <div class=\"mb-10 mb-lg-20\" data-aos=\"fade-up\"><p>V\u00e9ritables \u00e9l\u00e9ments d\u2019infrastructure ou de d\u00e9coration, les gabions apportent un look unique aux espaces. Facile \u00e0 installer, ils accueillent le type de pierres de votre choix. La cage gabion peut \u00e9galement jouer un r\u00f4le dans la retenue de terre.<\/p>\n<p><a class=\"button-shop\" href=\"https:\/\/shop.domspro.eu\/fr-fr\/produits\/27803\/gabions\" target=\"_blank\">Ach\u00e8te des gabions en ligne<i class=\"fa fa-shopping-cart\"><\/i><\/a><\/p>\n<\/div>\n                                                        <\/div>\n            <\/div>\n            <div class=\"col-12 col-md-6 col-lg-6 block-text-image-slider__container\">\n                <div class=\"block-text-image-slider__slider js-slick-text-image\" data-aos=\"fade-up\">\n                                            <div class=\"block-text-image-slider__slide\">\n                            <img decoding=\"async\" class=\"img-fluid\" src=\"https:\/\/www.domspro.eu\/wp-content\/uploads\/2022\/10\/doms-gabion-1.jpg\">\n                        <\/div>\n                                            <div class=\"block-text-image-slider__slide\">\n                            <img decoding=\"async\" class=\"img-fluid\" src=\"https:\/\/www.domspro.eu\/wp-content\/uploads\/2022\/10\/doms-gabion-4.jpg\">\n                        <\/div>\n                                            <div class=\"block-text-image-slider__slide\">\n                            <img decoding=\"async\" class=\"img-fluid\" src=\"https:\/\/www.domspro.eu\/wp-content\/uploads\/2022\/10\/doms-gabion-3.jpg\">\n                        <\/div>\n                                            <div class=\"block-text-image-slider__slide\">\n                            <img decoding=\"async\" class=\"img-fluid\" src=\"https:\/\/www.domspro.eu\/wp-content\/uploads\/2022\/10\/doms-gabion-2.jpg\">\n                        <\/div>\n                                    <\/div>\n            <\/div>\n        <\/div>\n    <\/div>\n<\/section>\n\n\n<div class=\"wp-block-jetpack-layout-grid column1-desktop-grid__span-6 column1-desktop-grid__row-1 column2-desktop-grid__span-6 column2-desktop-grid__start-7 column2-desktop-grid__row-1 column1-tablet-grid__span-4 column1-tablet-grid__row-1 column2-tablet-grid__span-4 column2-tablet-grid__start-5 column2-tablet-grid__row-1 column1-mobile-grid__span-4 column1-mobile-grid__row-1 column2-mobile-grid__span-4 column2-mobile-grid__row-2 wp-block-jetpack-layout-gutter__nowrap are-vertically-aligned-center\">\n<div class=\"wp-block-jetpack-layout-grid-column wp-block-jetpack-layout-grid__padding-none is-vertically-aligned-center\">    <div class=\"pt-10 pb-10\">\n        <div class=\"container\">            <div class=\"block block-heading text-left\" data-aos=\"fade-up\">\n                <h2  class=\"h2 text-dark\">Chenils<\/h2 >\n            <\/div>\n        <\/div>\n    <\/div>\n\n\n<div class=\"block block-editor pt-10 pb-10\">\n    <div class=\"container\">        <div class=\"row\">\n            <div class=\"col-12\" data-aos=\"fade-up\">\n                <p>Tr\u00e8s facile \u00e0 monter, les combinaisons de chenils sont sans limite.<br \/>\nCompose le chenil dont tu as besoin !<\/p>\n<p><a class=\"button-shop\" href=\"https:\/\/shop.domspro.eu\/fr-fr\/produits\/27813\/animaux-domestiques\" target=\"_blank\">Ach\u00e8te ces cl\u00f4tures en ligne<i class=\"fa fa-shopping-cart\"><\/i><\/a><\/p>\n            <\/div>\n        <\/div>\n    <\/div><\/div><\/div>\n\n\n\n<div class=\"wp-block-jetpack-layout-grid-column wp-block-jetpack-layout-grid__padding-none is-vertically-aligned-center\"><div class=\"block block-image pt-15 pt-md-20 pt-lg-30 pb-15 pb-md-20 pb-lg-30\">\n    <div class=\"container\">                <figure class=\"mx-auto\" style=\"max-width: 500px\" data-aos=\"fade-up\">\n            <img loading=\"lazy\" decoding=\"async\" width=\"800\" height=\"479\" src=\"https:\/\/www.domspro.eu\/wp-content\/uploads\/2022\/10\/doms-chenils.jpeg\" class=\"img-fluid\" alt=\"Chenil\" title=\"doms-chenils\" srcset=\"https:\/\/www.domspro.eu\/wp-content\/uploads\/2022\/10\/doms-chenils.jpeg 800w, https:\/\/www.domspro.eu\/wp-content\/uploads\/2022\/10\/doms-chenils-768x460.jpeg 768w, https:\/\/www.domspro.eu\/wp-content\/uploads\/2022\/10\/doms-chenils-290x174.jpeg 290w, https:\/\/www.domspro.eu\/wp-content\/uploads\/2022\/10\/doms-chenils-600x359.jpeg 600w\" sizes=\"auto, (max-width: 800px) 100vw, 800px\" \/>        <\/figure>\n                    <\/div><\/div><\/div>\n<\/div>\n\n\n<div class=\"block block-spacer\" style=\"padding: 25px 0;\">\n    <\/div>\n\n<div class=\"block block-cta text-left pt-20 pt-lg-40 pt-xxl-80\" style=\"background-image: url();\">\n    <div class=\"pt-15 pt-md-20 pt-lg-30 \">\n        <div class=\"block-cta__container block-cta__right py-40 py-lg-60\">\n            <div class=\"row\">\n                <div class=\"col-12 col-md-6 block-cta__title\">\n                                            <h2 class=\"text-dark\" data-aos=\"fade-up\">Tu as un projet ?<\/h2>\n                                    <\/div>\n\n                \n                                    <div class=\"block-cta__btns col-12 col-md-4 text-md-right mt-2\" data-aos=\"fade-up\">\n                                                                                    <a href=\"https:\/\/www.domspro.eu\/fr\/contact-professionel\/\" class=\"btn btn-primary mt-2 mr-2\" target=\"\">\n                                                                            <i class=\"far fa-envelope fa-md rounded-circle mr-10\"><\/i>\n                                                                        Contacte-nous pour plus d\u2019informations                                <\/a>\n                                                                        <\/div>\n                            <\/div>\n            <div class=\"block-cta__mascot\" data-aos=\"fade-left\">\n                <img decoding=\"async\" src=\"https:\/\/www.domspro.eu\/wp-content\/themes\/ics\/build\/img\/doms-mascot.svg\">\n            <\/div>\n        <\/div>\n    <\/div>\n<\/div>\n\n\n<div class=\"block block-editor pt-10 pb-10\">\n    <div class=\"container\">        <div class=\"row\">\n            <div class=\"col-12\" data-aos=\"fade-up\">\n                <style>\n.button-shop{padding: 9px 15px; color: white; background:#FB5F44; border-radius:5px; font-weight:bold; font-size:16px;}\n.button-shop:hover{background: #fdc3b1; color: #fff; text-decoration:none !important; }\n.button-shop i {margin: 0 4px 0 10px; }\n<\/style>\n            <\/div>\n        <\/div>\n    <\/div><\/div>","protected":false},"excerpt":{"rendered":"","protected":false},"author":1,"featured_media":0,"parent":193,"menu_order":0,"comment_status":"closed","ping_status":"closed","template":"","meta":{"_acf_changed":false,"footnotes":""},"class_list":["post-271","page","type-page","status-publish","hentry"],"acf":[],"yoast_head":"<!-- This site is optimized with the Yoast SEO plugin v27.3 - https:\/\/yoast.com\/product\/yoast-seo-wordpress\/ -->\n<title>Autres solutions de cl\u00f4ture | DomsPro<\/title>\n<meta name=\"description\" content=\"Domspro est expert en cl\u00f4tures et propose notamment des solutions de cl\u00f4tures temporaires, cl\u00f4tures \u00e9lectriques, gabions, chenils,\u2026 D\u00e9couvre la gamme\" \/>\n<meta name=\"robots\" content=\"index, follow, max-snippet:-1, max-image-preview:large, max-video-preview:-1\" \/>\n<link rel=\"canonical\" href=\"https:\/\/www.domspro.eu\/fr\/produits\/clotures\/autres\/\" \/>\n<meta property=\"og:locale\" content=\"fr_FR\" \/>\n<meta property=\"og:type\" content=\"article\" \/>\n<meta property=\"og:title\" content=\"Autres solutions de cl\u00f4ture | DomsPro\" \/>\n<meta property=\"og:description\" content=\"Domspro est expert en cl\u00f4tures et propose notamment des solutions de cl\u00f4tures temporaires, cl\u00f4tures \u00e9lectriques, gabions, chenils,\u2026 D\u00e9couvre la gamme\" \/>\n<meta property=\"og:url\" content=\"https:\/\/www.domspro.eu\/fr\/produits\/clotures\/autres\/\" \/>\n<meta property=\"og:site_name\" content=\"DomsPro\" \/>\n<meta property=\"article:modified_time\" content=\"2024-02-20T16:04:43+00:00\" \/>\n<meta name=\"twitter:card\" content=\"summary_large_image\" \/>\n<script type=\"application\/ld+json\" class=\"yoast-schema-graph\">{\"@context\":\"https:\\\/\\\/schema.org\",\"@graph\":[{\"@type\":\"WebPage\",\"@id\":\"https:\\\/\\\/www.domspro.eu\\\/fr\\\/produits\\\/clotures\\\/autres\\\/\",\"url\":\"https:\\\/\\\/www.domspro.eu\\\/fr\\\/produits\\\/clotures\\\/autres\\\/\",\"name\":\"Autres solutions de cl\u00f4ture | DomsPro\",\"isPartOf\":{\"@id\":\"https:\\\/\\\/www.domspro.eu\\\/#website\"},\"datePublished\":\"2022-10-19T13:52:09+00:00\",\"dateModified\":\"2024-02-20T16:04:43+00:00\",\"description\":\"Domspro est expert en cl\u00f4tures et propose notamment des solutions de cl\u00f4tures temporaires, cl\u00f4tures \u00e9lectriques, gabions, chenils,\u2026 D\u00e9couvre la gamme\",\"breadcrumb\":{\"@id\":\"https:\\\/\\\/www.domspro.eu\\\/fr\\\/produits\\\/clotures\\\/autres\\\/#breadcrumb\"},\"inLanguage\":\"fr-FR\",\"potentialAction\":[{\"@type\":\"ReadAction\",\"target\":[\"https:\\\/\\\/www.domspro.eu\\\/fr\\\/produits\\\/clotures\\\/autres\\\/\"]}]},{\"@type\":\"BreadcrumbList\",\"@id\":\"https:\\\/\\\/www.domspro.eu\\\/fr\\\/produits\\\/clotures\\\/autres\\\/#breadcrumb\",\"itemListElement\":[{\"@type\":\"ListItem\",\"position\":1,\"name\":\"Home\",\"item\":\"https:\\\/\\\/www.domspro.eu\\\/fr\\\/\"},{\"@type\":\"ListItem\",\"position\":2,\"name\":\"Assortiment\",\"item\":\"https:\\\/\\\/www.domspro.eu\\\/fr\\\/produits\\\/\"},{\"@type\":\"ListItem\",\"position\":3,\"name\":\"Cl\u00f4tures\",\"item\":\"https:\\\/\\\/www.domspro.eu\\\/fr\\\/produits\\\/clotures\\\/\"},{\"@type\":\"ListItem\",\"position\":4,\"name\":\"Autres\"}]},{\"@type\":\"WebSite\",\"@id\":\"https:\\\/\\\/www.domspro.eu\\\/#website\",\"url\":\"https:\\\/\\\/www.domspro.eu\\\/\",\"name\":\"DomsPro\",\"description\":\"Buitenaanleg voor de professional\",\"potentialAction\":[{\"@type\":\"SearchAction\",\"target\":{\"@type\":\"EntryPoint\",\"urlTemplate\":\"https:\\\/\\\/www.domspro.eu\\\/?s={search_term_string}\"},\"query-input\":{\"@type\":\"PropertyValueSpecification\",\"valueRequired\":true,\"valueName\":\"search_term_string\"}}],\"inLanguage\":\"fr-FR\"}]}<\/script>\n<!-- \/ Yoast SEO plugin. -->","yoast_head_json":{"title":"Autres solutions de cl\u00f4ture | DomsPro","description":"Domspro est expert en cl\u00f4tures et propose notamment des solutions de cl\u00f4tures temporaires, cl\u00f4tures \u00e9lectriques, gabions, chenils,\u2026 D\u00e9couvre la gamme","robots":{"index":"index","follow":"follow","max-snippet":"max-snippet:-1","max-image-preview":"max-image-preview:large","max-video-preview":"max-video-preview:-1"},"canonical":"https:\/\/www.domspro.eu\/fr\/produits\/clotures\/autres\/","og_locale":"fr_FR","og_type":"article","og_title":"Autres solutions de cl\u00f4ture | DomsPro","og_description":"Domspro est expert en cl\u00f4tures et propose notamment des solutions de cl\u00f4tures temporaires, cl\u00f4tures \u00e9lectriques, gabions, chenils,\u2026 D\u00e9couvre la gamme","og_url":"https:\/\/www.domspro.eu\/fr\/produits\/clotures\/autres\/","og_site_name":"DomsPro","article_modified_time":"2024-02-20T16:04:43+00:00","twitter_card":"summary_large_image","schema":{"@context":"https:\/\/schema.org","@graph":[{"@type":"WebPage","@id":"https:\/\/www.domspro.eu\/fr\/produits\/clotures\/autres\/","url":"https:\/\/www.domspro.eu\/fr\/produits\/clotures\/autres\/","name":"Autres solutions de cl\u00f4ture | DomsPro","isPartOf":{"@id":"https:\/\/www.domspro.eu\/#website"},"datePublished":"2022-10-19T13:52:09+00:00","dateModified":"2024-02-20T16:04:43+00:00","description":"Domspro est expert en cl\u00f4tures et propose notamment des solutions de cl\u00f4tures temporaires, cl\u00f4tures \u00e9lectriques, gabions, chenils,\u2026 D\u00e9couvre la gamme","breadcrumb":{"@id":"https:\/\/www.domspro.eu\/fr\/produits\/clotures\/autres\/#breadcrumb"},"inLanguage":"fr-FR","potentialAction":[{"@type":"ReadAction","target":["https:\/\/www.domspro.eu\/fr\/produits\/clotures\/autres\/"]}]},{"@type":"BreadcrumbList","@id":"https:\/\/www.domspro.eu\/fr\/produits\/clotures\/autres\/#breadcrumb","itemListElement":[{"@type":"ListItem","position":1,"name":"Home","item":"https:\/\/www.domspro.eu\/fr\/"},{"@type":"ListItem","position":2,"name":"Assortiment","item":"https:\/\/www.domspro.eu\/fr\/produits\/"},{"@type":"ListItem","position":3,"name":"Cl\u00f4tures","item":"https:\/\/www.domspro.eu\/fr\/produits\/clotures\/"},{"@type":"ListItem","position":4,"name":"Autres"}]},{"@type":"WebSite","@id":"https:\/\/www.domspro.eu\/#website","url":"https:\/\/www.domspro.eu\/","name":"DomsPro","description":"Buitenaanleg voor de professional","potentialAction":[{"@type":"SearchAction","target":{"@type":"EntryPoint","urlTemplate":"https:\/\/www.domspro.eu\/?s={search_term_string}"},"query-input":{"@type":"PropertyValueSpecification","valueRequired":true,"valueName":"search_term_string"}}],"inLanguage":"fr-FR"}]}},"_links":{"self":[{"href":"https:\/\/www.domspro.eu\/fr\/wp-json\/wp\/v2\/pages\/271","targetHints":{"allow":["GET"]}}],"collection":[{"href":"https:\/\/www.domspro.eu\/fr\/wp-json\/wp\/v2\/pages"}],"about":[{"href":"https:\/\/www.domspro.eu\/fr\/wp-json\/wp\/v2\/types\/page"}],"author":[{"embeddable":true,"href":"https:\/\/www.domspro.eu\/fr\/wp-json\/wp\/v2\/users\/1"}],"replies":[{"embeddable":true,"href":"https:\/\/www.domspro.eu\/fr\/wp-json\/wp\/v2\/comments?post=271"}],"version-history":[{"count":0,"href":"https:\/\/www.domspro.eu\/fr\/wp-json\/wp\/v2\/pages\/271\/revisions"}],"up":[{"embeddable":true,"href":"https:\/\/www.domspro.eu\/fr\/wp-json\/wp\/v2\/pages\/193"}],"wp:attachment":[{"href":"https:\/\/www.domspro.eu\/fr\/wp-json\/wp\/v2\/media?parent=271"}],"curies":[{"name":"wp","href":"https:\/\/api.w.org\/{rel}","templated":true}]}}