{"id":206,"date":"2022-10-04T08:28:17","date_gmt":"2022-10-04T08:28:17","guid":{"rendered":"https:\/\/www.domspro.eu\/partners\/"},"modified":"2026-03-20T15:33:34","modified_gmt":"2026-03-20T15:33:34","slug":"partenaires","status":"publish","type":"page","link":"https:\/\/www.domspro.eu\/fr\/partenaires\/","title":{"rendered":"Partenaires"},"content":{"rendered":"\n<div class=\"block block-hero text-left  block-hero--onlyTitle  \">\n    <div class=\"block-hero__img overlay\" style=\"background-image: url(https:\/\/www.domspro.eu\/wp-content\/uploads\/2022\/10\/image-5.png)\"><\/div>\n    <div class=\"block-hero__content pt-30 pt-md-40 pt-lg-50 pb-0\">\n        <div class=\"container position-relative mt-30 mt-md-0\">\n            <div class=\"block-hero__mascot\" data-aos=\"fade-left\">\n                <img decoding=\"async\" src=\"https:\/\/www.domspro.eu\/wp-content\/themes\/ics\/build\/img\/doms-mascot.svg\">\n            <\/div>\n            <div class=\"row\">\n                <div class=\"col-10 mb-30\">\n                    \n                                    <\/div>\n            <\/div>\n            <div class=\"row\">\n                <div class=\"col-10\">\n                    <h1 class=\"block-hero__title text-white pb-0\" data-aos=\"fade-right\">Partenaires<\/h1>\n                <\/div>\n            <\/div>\n\n                    <\/div>\n    <\/div>\n<\/div>\n\n<div class=\"block block-spacer\" style=\"padding: 25px 0;\">\n    <\/div>\n\n\n<div class=\"wp-block-jetpack-layout-grid column1-desktop-grid__span-3 column1-desktop-grid__row-1 column2-desktop-grid__span-3 column2-desktop-grid__start-4 column2-desktop-grid__row-1 column3-desktop-grid__span-3 column3-desktop-grid__start-7 column3-desktop-grid__row-1 column4-desktop-grid__span-3 column4-desktop-grid__start-10 column4-desktop-grid__row-1 column1-tablet-grid__span-4 column1-tablet-grid__row-1 column2-tablet-grid__span-4 column2-tablet-grid__start-5 column2-tablet-grid__row-1 column3-tablet-grid__span-4 column3-tablet-grid__row-2 column4-tablet-grid__span-4 column4-tablet-grid__start-5 column4-tablet-grid__row-2 column1-mobile-grid__span-4 column1-mobile-grid__row-1 column2-mobile-grid__span-4 column2-mobile-grid__row-2 column3-mobile-grid__span-4 column3-mobile-grid__row-3 column4-mobile-grid__span-4 column4-mobile-grid__row-4\">\n<div class=\"wp-block-jetpack-layout-grid-column wp-block-jetpack-layout-grid__padding-none\"><div class=\"block block-image pt-15 pt-md-20 pt-lg-30 \">\n    <div class=\"container\">        <a href=\"https:\/\/shop.domspro.eu\/fr-fr\/productsearch\/search?cc=27826&#038;b=30607&#038;pvov=24066:2|24071:2|27995:2|33413:2|24145:2|33346:2|33352:2|24095:3|34581:3|22588:4|33409:4|29140:4|33348:4|24070:5|33351:5|11919:6|33362:6|33414:7|33345:7|24161:8|33416:8|33354:8|33474:8|29136:14|20555:46|22352:52|20876:85|24075:107|33406:116|22344:130|22540:180|22614:223|24072:248|20586:248|22335:248|33350:248|33376:248&#038;t=1706265465897\" target=\"_blank\" class=\"d-block\">        <figure class=\"mx-auto\" style=\"max-width: px\" data-aos=\"fade-up\">\n            <img loading=\"lazy\" decoding=\"async\" width=\"500\" height=\"250\" src=\"https:\/\/www.domspro.eu\/wp-content\/uploads\/2023\/12\/logo-best-fence.jpg\" class=\"img-fluid\" alt=\"Logo Best Fence\" title=\"logo-best-fence\" srcset=\"https:\/\/www.domspro.eu\/wp-content\/uploads\/2023\/12\/logo-best-fence.jpg 500w, https:\/\/www.domspro.eu\/wp-content\/uploads\/2023\/12\/logo-best-fence-290x145.jpg 290w\" sizes=\"auto, (max-width: 500px) 100vw, 500px\" \/>        <\/figure>\n        <\/a>            <\/div><\/div><\/div>\n\n\n\n<div class=\"wp-block-jetpack-layout-grid-column wp-block-jetpack-layout-grid__padding-none\"><div class=\"block block-image pt-15 pt-md-20 pt-lg-30 \">\n    <div class=\"container\">        <a href=\"https:\/\/shop.domspro.eu\/fr-fr\/marques\/27759\/h-gleufpaal-h-fencepost-\" target=\"_blank\" class=\"d-block\">        <figure class=\"mx-auto\" style=\"max-width: px\" data-aos=\"fade-up\">\n            <img loading=\"lazy\" decoding=\"async\" width=\"500\" height=\"250\" src=\"https:\/\/www.domspro.eu\/wp-content\/uploads\/2023\/12\/logo-h-fencepost.jpg\" class=\"img-fluid\" alt=\"Logo H-Fencepost\" title=\"logo-h-fencepost\" srcset=\"https:\/\/www.domspro.eu\/wp-content\/uploads\/2023\/12\/logo-h-fencepost.jpg 500w, https:\/\/www.domspro.eu\/wp-content\/uploads\/2023\/12\/logo-h-fencepost-290x145.jpg 290w\" sizes=\"auto, (max-width: 500px) 100vw, 500px\" \/>        <\/figure>\n        <\/a>            <\/div><\/div><\/div>\n\n\n\n<div class=\"wp-block-jetpack-layout-grid-column wp-block-jetpack-layout-grid__padding-none\"><div class=\"block block-image pt-15 pt-md-20 pt-lg-30 \">\n    <div class=\"container\">                <figure class=\"mx-auto\" style=\"max-width: px\" data-aos=\"fade-up\">\n            <img loading=\"lazy\" decoding=\"async\" width=\"500\" height=\"250\" src=\"https:\/\/www.domspro.eu\/wp-content\/uploads\/2022\/11\/Logo_Bekaert-1.png\" class=\"img-fluid\" alt=\"Logo Bekaert\" title=\"Logo_Bekaert\" srcset=\"https:\/\/www.domspro.eu\/wp-content\/uploads\/2022\/11\/Logo_Bekaert-1.png 500w, https:\/\/www.domspro.eu\/wp-content\/uploads\/2022\/11\/Logo_Bekaert-1-290x145.png 290w\" sizes=\"auto, (max-width: 500px) 100vw, 500px\" \/>        <\/figure>\n                    <\/div><\/div><\/div>\n\n\n\n<div class=\"wp-block-jetpack-layout-grid-column wp-block-jetpack-layout-grid__padding-none\"><div class=\"block block-image pt-15 pt-md-20 pt-lg-30 \">\n    <div class=\"container\">        <a href=\"https:\/\/shop.domspro.eu\/fr-fr\/marques\/27751\/betafence\" target=\"_blank\" class=\"d-block\">        <figure class=\"mx-auto\" style=\"max-width: px\" data-aos=\"fade-up\">\n            <img loading=\"lazy\" decoding=\"async\" width=\"500\" height=\"250\" src=\"https:\/\/www.domspro.eu\/wp-content\/uploads\/2022\/11\/Logo_Betafence.png\" class=\"img-fluid\" alt=\"Logo Betafence\" title=\"Logo_Betafence\" srcset=\"https:\/\/www.domspro.eu\/wp-content\/uploads\/2022\/11\/Logo_Betafence.png 500w, https:\/\/www.domspro.eu\/wp-content\/uploads\/2022\/11\/Logo_Betafence-290x145.png 290w\" sizes=\"auto, (max-width: 500px) 100vw, 500px\" \/>        <\/figure>\n        <\/a>            <\/div><\/div><\/div>\n<\/div>\n\n\n\n<div class=\"wp-block-jetpack-layout-grid column1-desktop-grid__span-3 column1-desktop-grid__row-1 column2-desktop-grid__span-3 column2-desktop-grid__start-4 column2-desktop-grid__row-1 column3-desktop-grid__span-3 column3-desktop-grid__start-7 column3-desktop-grid__row-1 column4-desktop-grid__span-3 column4-desktop-grid__start-10 column4-desktop-grid__row-1 column1-tablet-grid__span-4 column1-tablet-grid__row-1 column2-tablet-grid__span-4 column2-tablet-grid__start-5 column2-tablet-grid__row-1 column3-tablet-grid__span-4 column3-tablet-grid__row-2 column4-tablet-grid__span-4 column4-tablet-grid__start-5 column4-tablet-grid__row-2 column1-mobile-grid__span-4 column1-mobile-grid__row-1 column2-mobile-grid__span-4 column2-mobile-grid__row-2 column3-mobile-grid__span-4 column3-mobile-grid__row-3 column4-mobile-grid__span-4 column4-mobile-grid__row-4\">\n<div class=\"wp-block-jetpack-layout-grid-column wp-block-jetpack-layout-grid__padding-none\"><div class=\"block block-image pt-15 pt-md-20 pt-lg-30 \">\n    <div class=\"container\">        <a href=\"https:\/\/shop.domspro.eu\/fr-fr\/marques\/29990\/silvadec\" target=\"_blank\" class=\"d-block\">        <figure class=\"mx-auto\" style=\"max-width: px\" data-aos=\"fade-up\">\n            <img loading=\"lazy\" decoding=\"async\" width=\"500\" height=\"250\" src=\"https:\/\/www.domspro.eu\/wp-content\/uploads\/2022\/11\/Logo_Silvadec.png\" class=\"img-fluid\" alt=\"Logo Silvadec\" title=\"Logo_Silvadec\" srcset=\"https:\/\/www.domspro.eu\/wp-content\/uploads\/2022\/11\/Logo_Silvadec.png 500w, https:\/\/www.domspro.eu\/wp-content\/uploads\/2022\/11\/Logo_Silvadec-290x145.png 290w\" sizes=\"auto, (max-width: 500px) 100vw, 500px\" \/>        <\/figure>\n        <\/a>            <\/div><\/div><\/div>\n\n\n\n<div class=\"wp-block-jetpack-layout-grid-column wp-block-jetpack-layout-grid__padding-none\"><div class=\"block block-image pt-15 pt-md-20 pt-lg-30 \">\n    <div class=\"container\">        <a href=\"https:\/\/shop.domspro.eu\/fr-fr\/productsearch\/search?q=fisufor&#038;pvov=&#038;t=1705490454206\" target=\"_blank\" class=\"d-block\">        <figure class=\"mx-auto\" style=\"max-width: px\" data-aos=\"fade-up\">\n            <img loading=\"lazy\" decoding=\"async\" width=\"500\" height=\"250\" src=\"https:\/\/www.domspro.eu\/wp-content\/uploads\/2022\/11\/Logo_Fisufor-1.png\" class=\"img-fluid\" alt=\"Logo Fisufor\" title=\"Logo_Fisufor\" srcset=\"https:\/\/www.domspro.eu\/wp-content\/uploads\/2022\/11\/Logo_Fisufor-1.png 500w, https:\/\/www.domspro.eu\/wp-content\/uploads\/2022\/11\/Logo_Fisufor-1-290x145.png 290w\" sizes=\"auto, (max-width: 500px) 100vw, 500px\" \/>        <\/figure>\n        <\/a>            <\/div><\/div><\/div>\n\n\n\n<div class=\"wp-block-jetpack-layout-grid-column wp-block-jetpack-layout-grid__padding-none\"><div class=\"block block-image pt-15 pt-md-20 pt-lg-30 \">\n    <div class=\"container\">        <a href=\"https:\/\/shop.domspro.eu\/fr-fr\/marques\/27754\/edma\" target=\"_blank\" class=\"d-block\">        <figure class=\"mx-auto\" style=\"max-width: px\" data-aos=\"fade-up\">\n            <img loading=\"lazy\" decoding=\"async\" width=\"500\" height=\"250\" src=\"https:\/\/www.domspro.eu\/wp-content\/uploads\/2022\/11\/Logo_Edma-1.png\" class=\"img-fluid\" alt=\"Logo EDMA\" title=\"Logo_Edma\" srcset=\"https:\/\/www.domspro.eu\/wp-content\/uploads\/2022\/11\/Logo_Edma-1.png 500w, https:\/\/www.domspro.eu\/wp-content\/uploads\/2022\/11\/Logo_Edma-1-290x145.png 290w\" sizes=\"auto, (max-width: 500px) 100vw, 500px\" \/>        <\/figure>\n        <\/a>            <\/div><\/div><\/div>\n\n\n\n<div class=\"wp-block-jetpack-layout-grid-column wp-block-jetpack-layout-grid__padding-none\"><div class=\"block block-image pt-15 pt-md-20 pt-lg-30 \">\n    <div class=\"container\">        <a href=\"https:\/\/shop.domspro.eu\/fr-fr\/marques\/27750\/altrad\" target=\"_blank\" class=\"d-block\">        <figure class=\"mx-auto\" style=\"max-width: px\" data-aos=\"fade-up\">\n            <img loading=\"lazy\" decoding=\"async\" width=\"500\" height=\"250\" src=\"https:\/\/www.domspro.eu\/wp-content\/uploads\/2022\/11\/Logo_Altrad.png\" class=\"img-fluid\" alt=\"Logo Altrad\" title=\"Logo_Altrad\" srcset=\"https:\/\/www.domspro.eu\/wp-content\/uploads\/2022\/11\/Logo_Altrad.png 500w, https:\/\/www.domspro.eu\/wp-content\/uploads\/2022\/11\/Logo_Altrad-290x145.png 290w\" sizes=\"auto, (max-width: 500px) 100vw, 500px\" \/>        <\/figure>\n        <\/a>            <\/div><\/div><\/div>\n<\/div>\n\n\n\n<div class=\"wp-block-jetpack-layout-grid column1-desktop-grid__span-3 column1-desktop-grid__row-1 column2-desktop-grid__span-3 column2-desktop-grid__start-4 column2-desktop-grid__row-1 column3-desktop-grid__span-3 column3-desktop-grid__start-7 column3-desktop-grid__row-1 column4-desktop-grid__span-3 column4-desktop-grid__start-10 column4-desktop-grid__row-1 column1-tablet-grid__span-4 column1-tablet-grid__row-1 column2-tablet-grid__span-4 column2-tablet-grid__start-5 column2-tablet-grid__row-1 column3-tablet-grid__span-4 column3-tablet-grid__row-2 column4-tablet-grid__span-4 column4-tablet-grid__start-5 column4-tablet-grid__row-2 column1-mobile-grid__span-4 column1-mobile-grid__row-1 column2-mobile-grid__span-4 column2-mobile-grid__row-2 column3-mobile-grid__span-4 column3-mobile-grid__row-3 column4-mobile-grid__span-4 column4-mobile-grid__row-4\">\n<div class=\"wp-block-jetpack-layout-grid-column wp-block-jetpack-layout-grid__padding-none\"><div class=\"block block-image pt-15 pt-md-20 pt-lg-30 \">\n    <div class=\"container\">        <a href=\"https:\/\/shop.domspro.eu\/fr-fr\/marques\/27762\/knipex\" target=\"_blank\" class=\"d-block\">        <figure class=\"mx-auto\" style=\"max-width: px\" data-aos=\"fade-up\">\n            <img loading=\"lazy\" decoding=\"async\" width=\"500\" height=\"250\" src=\"https:\/\/www.domspro.eu\/wp-content\/uploads\/2022\/11\/Logo_Knipex-1.png\" class=\"img-fluid\" alt=\"Logo Knipex\" title=\"Logo_Knipex\" srcset=\"https:\/\/www.domspro.eu\/wp-content\/uploads\/2022\/11\/Logo_Knipex-1.png 500w, https:\/\/www.domspro.eu\/wp-content\/uploads\/2022\/11\/Logo_Knipex-1-290x145.png 290w\" sizes=\"auto, (max-width: 500px) 100vw, 500px\" \/>        <\/figure>\n        <\/a>            <\/div><\/div><\/div>\n\n\n\n<div class=\"wp-block-jetpack-layout-grid-column wp-block-jetpack-layout-grid__padding-none\"><div class=\"block block-image pt-15 pt-md-20 pt-lg-30 \">\n    <div class=\"container\">        <a href=\"https:\/\/shop.domspro.eu\/fr-fr\/marques\/27942\/polet\" target=\"_blank\" class=\"d-block\">        <figure class=\"mx-auto\" style=\"max-width: px\" data-aos=\"fade-up\">\n            <img loading=\"lazy\" decoding=\"async\" width=\"500\" height=\"250\" src=\"https:\/\/www.domspro.eu\/wp-content\/uploads\/2022\/11\/Logo_Polet.png\" class=\"img-fluid\" alt=\"Logo Polet\" title=\"Logo_Polet\" srcset=\"https:\/\/www.domspro.eu\/wp-content\/uploads\/2022\/11\/Logo_Polet.png 500w, https:\/\/www.domspro.eu\/wp-content\/uploads\/2022\/11\/Logo_Polet-290x145.png 290w\" sizes=\"auto, (max-width: 500px) 100vw, 500px\" \/>        <\/figure>\n        <\/a>            <\/div><\/div><\/div>\n\n\n\n<div class=\"wp-block-jetpack-layout-grid-column wp-block-jetpack-layout-grid__padding-none\"><div class=\"block block-image pt-15 pt-md-20 pt-lg-30 \">\n    <div class=\"container\">        <a href=\"https:\/\/shop.domspro.eu\/fr-fr\/marques\/27758\/gmp\" target=\"_blank\" class=\"d-block\">        <figure class=\"mx-auto\" style=\"max-width: px\" data-aos=\"fade-up\">\n            <img loading=\"lazy\" decoding=\"async\" width=\"500\" height=\"250\" src=\"https:\/\/www.domspro.eu\/wp-content\/uploads\/2023\/04\/logo-GMP.png\" class=\"img-fluid\" alt=\"Logo GMP Garden\" title=\"logo-GMP\" srcset=\"https:\/\/www.domspro.eu\/wp-content\/uploads\/2023\/04\/logo-GMP.png 500w, https:\/\/www.domspro.eu\/wp-content\/uploads\/2023\/04\/logo-GMP-290x145.png 290w\" sizes=\"auto, (max-width: 500px) 100vw, 500px\" \/>        <\/figure>\n        <\/a>            <\/div><\/div><\/div>\n\n\n\n<div class=\"wp-block-jetpack-layout-grid-column wp-block-jetpack-layout-grid__padding-none\"><div class=\"block block-image pt-15 pt-md-20 pt-lg-30 \">\n    <div class=\"container\">        <a href=\"https:\/\/shop.domspro.eu\/fr-fr\/marques\/27764\/locinox\" target=\"_blank\" class=\"d-block\">        <figure class=\"mx-auto\" style=\"max-width: px\" data-aos=\"fade-up\">\n            <img loading=\"lazy\" decoding=\"async\" width=\"500\" height=\"250\" src=\"https:\/\/www.domspro.eu\/wp-content\/uploads\/2023\/04\/logo-locinox.png\" class=\"img-fluid\" alt=\"Logo Locinox\" title=\"logo-locinox\" srcset=\"https:\/\/www.domspro.eu\/wp-content\/uploads\/2023\/04\/logo-locinox.png 500w, https:\/\/www.domspro.eu\/wp-content\/uploads\/2023\/04\/logo-locinox-290x145.png 290w\" sizes=\"auto, (max-width: 500px) 100vw, 500px\" \/>        <\/figure>\n        <\/a>            <\/div><\/div><\/div>\n<\/div>\n\n\n\n<div class=\"wp-block-jetpack-layout-grid column1-desktop-grid__span-3 column1-desktop-grid__row-1 column2-desktop-grid__span-3 column2-desktop-grid__start-4 column2-desktop-grid__row-1 column3-desktop-grid__span-3 column3-desktop-grid__start-7 column3-desktop-grid__row-1 column4-desktop-grid__span-3 column4-desktop-grid__start-10 column4-desktop-grid__row-1 column1-tablet-grid__span-4 column1-tablet-grid__row-1 column2-tablet-grid__span-4 column2-tablet-grid__start-5 column2-tablet-grid__row-1 column3-tablet-grid__span-4 column3-tablet-grid__row-2 column4-tablet-grid__span-4 column4-tablet-grid__start-5 column4-tablet-grid__row-2 column1-mobile-grid__span-4 column1-mobile-grid__row-1 column2-mobile-grid__span-4 column2-mobile-grid__row-2 column3-mobile-grid__span-4 column3-mobile-grid__row-3 column4-mobile-grid__span-4 column4-mobile-grid__row-4\">\n<div class=\"wp-block-jetpack-layout-grid-column wp-block-jetpack-layout-grid__padding-none\"><div class=\"block block-image pt-15 pt-md-20 pt-lg-30 \">\n    <div class=\"container\">        <a href=\"https:\/\/shop.domspro.eu\/fr-fr\/marques\/27757\/gallagher\" target=\"_blank\" class=\"d-block\">        <figure class=\"mx-auto\" style=\"max-width: px\" data-aos=\"fade-up\">\n            <img loading=\"lazy\" decoding=\"async\" width=\"500\" height=\"250\" src=\"https:\/\/www.domspro.eu\/wp-content\/uploads\/2023\/04\/logo-Gallagher.png\" class=\"img-fluid\" alt=\"Logo Gallagher\" title=\"logo-Gallagher\" srcset=\"https:\/\/www.domspro.eu\/wp-content\/uploads\/2023\/04\/logo-Gallagher.png 500w, https:\/\/www.domspro.eu\/wp-content\/uploads\/2023\/04\/logo-Gallagher-290x145.png 290w\" sizes=\"auto, (max-width: 500px) 100vw, 500px\" \/>        <\/figure>\n        <\/a>            <\/div><\/div><\/div>\n\n\n\n<div class=\"wp-block-jetpack-layout-grid-column wp-block-jetpack-layout-grid__padding-none\"><div class=\"block block-image pt-15 pt-md-20 pt-lg-30 \">\n    <div class=\"container\">                <figure class=\"mx-auto\" style=\"max-width: px\" data-aos=\"fade-up\">\n            <img loading=\"lazy\" decoding=\"async\" width=\"500\" height=\"250\" src=\"https:\/\/www.domspro.eu\/wp-content\/uploads\/2023\/04\/logo-BBK-constructions.png\" class=\"img-fluid\" alt=\"Logo BBK Constructions\" title=\"logo-BBK-constructions\" srcset=\"https:\/\/www.domspro.eu\/wp-content\/uploads\/2023\/04\/logo-BBK-constructions.png 500w, https:\/\/www.domspro.eu\/wp-content\/uploads\/2023\/04\/logo-BBK-constructions-290x145.png 290w\" sizes=\"auto, (max-width: 500px) 100vw, 500px\" \/>        <\/figure>\n                    <\/div><\/div><\/div>\n\n\n\n<div class=\"wp-block-jetpack-layout-grid-column wp-block-jetpack-layout-grid__padding-none\"><\/div>\n\n\n\n<div class=\"wp-block-jetpack-layout-grid-column wp-block-jetpack-layout-grid__padding-none\"><\/div>\n<\/div>\n\n\n<div class=\"block block-spacer\" style=\"padding: 37.5px 0;\">\n    <\/div>\n\n<div class=\"block block-cta text-left pt-20 pt-lg-40 pt-xxl-80\" style=\"background-image: url();\">\n    <div class=\"pt-15 pt-md-20 pt-lg-30 \">\n        <div class=\"block-cta__container block-cta__right py-40 py-lg-60\">\n            <div class=\"row\">\n                <div class=\"col-12 col-md-6 block-cta__title\">\n                                            <h2 class=\"text-dark\" data-aos=\"fade-up\">Tu as un projet ?<\/h2>\n                                    <\/div>\n\n                \n                                    <div class=\"block-cta__btns col-12 col-md-4 text-md-right mt-2\" data-aos=\"fade-up\">\n                                                                                    <a href=\"https:\/\/www.domspro.eu\/fr\/contact-professionel\/\" class=\"btn btn-primary mt-2 mr-2\" target=\"\">\n                                                                            <i class=\"far fa-envelope fa-md rounded-circle mr-10\"><\/i>\n                                                                        Contacte-nous pour plus d\u2019informations                                <\/a>\n                                                                        <\/div>\n                            <\/div>\n            <div class=\"block-cta__mascot\" data-aos=\"fade-left\">\n                <img decoding=\"async\" src=\"https:\/\/www.domspro.eu\/wp-content\/themes\/ics\/build\/img\/doms-mascot.svg\">\n            <\/div>\n        <\/div>\n    <\/div>\n<\/div>","protected":false},"excerpt":{"rendered":"","protected":false},"author":1,"featured_media":0,"parent":0,"menu_order":0,"comment_status":"closed","ping_status":"closed","template":"","meta":{"_acf_changed":false,"footnotes":""},"class_list":["post-206","page","type-page","status-publish","hentry"],"acf":[],"yoast_head":"<!-- This site is optimized with the Yoast SEO plugin v27.3 - https:\/\/yoast.com\/product\/yoast-seo-wordpress\/ -->\n<title>D\u00e9couvrez Nos Partenaires de Confiance | DomsPro<\/title>\n<meta name=\"description\" content=\"Domspro, c&#039;est une passion pour l&#039;am\u00e9nagement ext\u00e9rieur depuis 1988 et surtout des produits de haute qualit\u00e9. D\u00e9couvre nos partenaires\" \/>\n<meta name=\"robots\" content=\"index, follow, max-snippet:-1, max-image-preview:large, max-video-preview:-1\" \/>\n<link rel=\"canonical\" href=\"https:\/\/www.domspro.eu\/fr\/partenaires\/\" \/>\n<meta property=\"og:locale\" content=\"fr_FR\" \/>\n<meta property=\"og:type\" content=\"article\" \/>\n<meta property=\"og:title\" content=\"D\u00e9couvrez Nos Partenaires de Confiance | DomsPro\" \/>\n<meta property=\"og:description\" content=\"Domspro, c&#039;est une passion pour l&#039;am\u00e9nagement ext\u00e9rieur depuis 1988 et surtout des produits de haute qualit\u00e9. D\u00e9couvre nos partenaires\" \/>\n<meta property=\"og:url\" content=\"https:\/\/www.domspro.eu\/fr\/partenaires\/\" \/>\n<meta property=\"og:site_name\" content=\"DomsPro\" \/>\n<meta property=\"article:modified_time\" content=\"2026-03-20T15:33:34+00:00\" \/>\n<meta name=\"twitter:card\" content=\"summary_large_image\" \/>\n<script type=\"application\/ld+json\" class=\"yoast-schema-graph\">{\"@context\":\"https:\\\/\\\/schema.org\",\"@graph\":[{\"@type\":\"WebPage\",\"@id\":\"https:\\\/\\\/www.domspro.eu\\\/fr\\\/partenaires\\\/\",\"url\":\"https:\\\/\\\/www.domspro.eu\\\/fr\\\/partenaires\\\/\",\"name\":\"D\u00e9couvrez Nos Partenaires de Confiance | DomsPro\",\"isPartOf\":{\"@id\":\"https:\\\/\\\/www.domspro.eu\\\/#website\"},\"datePublished\":\"2022-10-04T08:28:17+00:00\",\"dateModified\":\"2026-03-20T15:33:34+00:00\",\"description\":\"Domspro, c'est une passion pour l'am\u00e9nagement ext\u00e9rieur depuis 1988 et surtout des produits de haute qualit\u00e9. D\u00e9couvre nos partenaires\",\"breadcrumb\":{\"@id\":\"https:\\\/\\\/www.domspro.eu\\\/fr\\\/partenaires\\\/#breadcrumb\"},\"inLanguage\":\"fr-FR\",\"potentialAction\":[{\"@type\":\"ReadAction\",\"target\":[\"https:\\\/\\\/www.domspro.eu\\\/fr\\\/partenaires\\\/\"]}]},{\"@type\":\"BreadcrumbList\",\"@id\":\"https:\\\/\\\/www.domspro.eu\\\/fr\\\/partenaires\\\/#breadcrumb\",\"itemListElement\":[{\"@type\":\"ListItem\",\"position\":1,\"name\":\"Home\",\"item\":\"https:\\\/\\\/www.domspro.eu\\\/fr\\\/\"},{\"@type\":\"ListItem\",\"position\":2,\"name\":\"Partenaires\"}]},{\"@type\":\"WebSite\",\"@id\":\"https:\\\/\\\/www.domspro.eu\\\/#website\",\"url\":\"https:\\\/\\\/www.domspro.eu\\\/\",\"name\":\"DomsPro\",\"description\":\"Buitenaanleg voor de professional\",\"potentialAction\":[{\"@type\":\"SearchAction\",\"target\":{\"@type\":\"EntryPoint\",\"urlTemplate\":\"https:\\\/\\\/www.domspro.eu\\\/?s={search_term_string}\"},\"query-input\":{\"@type\":\"PropertyValueSpecification\",\"valueRequired\":true,\"valueName\":\"search_term_string\"}}],\"inLanguage\":\"fr-FR\"}]}<\/script>\n<!-- \/ Yoast SEO plugin. -->","yoast_head_json":{"title":"D\u00e9couvrez Nos Partenaires de Confiance | DomsPro","description":"Domspro, c'est une passion pour l'am\u00e9nagement ext\u00e9rieur depuis 1988 et surtout des produits de haute qualit\u00e9. D\u00e9couvre nos partenaires","robots":{"index":"index","follow":"follow","max-snippet":"max-snippet:-1","max-image-preview":"max-image-preview:large","max-video-preview":"max-video-preview:-1"},"canonical":"https:\/\/www.domspro.eu\/fr\/partenaires\/","og_locale":"fr_FR","og_type":"article","og_title":"D\u00e9couvrez Nos Partenaires de Confiance | DomsPro","og_description":"Domspro, c'est une passion pour l'am\u00e9nagement ext\u00e9rieur depuis 1988 et surtout des produits de haute qualit\u00e9. D\u00e9couvre nos partenaires","og_url":"https:\/\/www.domspro.eu\/fr\/partenaires\/","og_site_name":"DomsPro","article_modified_time":"2026-03-20T15:33:34+00:00","twitter_card":"summary_large_image","schema":{"@context":"https:\/\/schema.org","@graph":[{"@type":"WebPage","@id":"https:\/\/www.domspro.eu\/fr\/partenaires\/","url":"https:\/\/www.domspro.eu\/fr\/partenaires\/","name":"D\u00e9couvrez Nos Partenaires de Confiance | DomsPro","isPartOf":{"@id":"https:\/\/www.domspro.eu\/#website"},"datePublished":"2022-10-04T08:28:17+00:00","dateModified":"2026-03-20T15:33:34+00:00","description":"Domspro, c'est une passion pour l'am\u00e9nagement ext\u00e9rieur depuis 1988 et surtout des produits de haute qualit\u00e9. D\u00e9couvre nos partenaires","breadcrumb":{"@id":"https:\/\/www.domspro.eu\/fr\/partenaires\/#breadcrumb"},"inLanguage":"fr-FR","potentialAction":[{"@type":"ReadAction","target":["https:\/\/www.domspro.eu\/fr\/partenaires\/"]}]},{"@type":"BreadcrumbList","@id":"https:\/\/www.domspro.eu\/fr\/partenaires\/#breadcrumb","itemListElement":[{"@type":"ListItem","position":1,"name":"Home","item":"https:\/\/www.domspro.eu\/fr\/"},{"@type":"ListItem","position":2,"name":"Partenaires"}]},{"@type":"WebSite","@id":"https:\/\/www.domspro.eu\/#website","url":"https:\/\/www.domspro.eu\/","name":"DomsPro","description":"Buitenaanleg voor de professional","potentialAction":[{"@type":"SearchAction","target":{"@type":"EntryPoint","urlTemplate":"https:\/\/www.domspro.eu\/?s={search_term_string}"},"query-input":{"@type":"PropertyValueSpecification","valueRequired":true,"valueName":"search_term_string"}}],"inLanguage":"fr-FR"}]}},"_links":{"self":[{"href":"https:\/\/www.domspro.eu\/fr\/wp-json\/wp\/v2\/pages\/206","targetHints":{"allow":["GET"]}}],"collection":[{"href":"https:\/\/www.domspro.eu\/fr\/wp-json\/wp\/v2\/pages"}],"about":[{"href":"https:\/\/www.domspro.eu\/fr\/wp-json\/wp\/v2\/types\/page"}],"author":[{"embeddable":true,"href":"https:\/\/www.domspro.eu\/fr\/wp-json\/wp\/v2\/users\/1"}],"replies":[{"embeddable":true,"href":"https:\/\/www.domspro.eu\/fr\/wp-json\/wp\/v2\/comments?post=206"}],"version-history":[{"count":1,"href":"https:\/\/www.domspro.eu\/fr\/wp-json\/wp\/v2\/pages\/206\/revisions"}],"predecessor-version":[{"id":9583,"href":"https:\/\/www.domspro.eu\/fr\/wp-json\/wp\/v2\/pages\/206\/revisions\/9583"}],"wp:attachment":[{"href":"https:\/\/www.domspro.eu\/fr\/wp-json\/wp\/v2\/media?parent=206"}],"curies":[{"name":"wp","href":"https:\/\/api.w.org\/{rel}","templated":true}]}}